{"id":713,"date":"2022-10-09T21:25:49","date_gmt":"2022-10-09T21:25:49","guid":{"rendered":"https:\/\/rygmantenciones.cl\/?post_type=product&#038;p=713"},"modified":"2022-10-12T22:55:05","modified_gmt":"2022-10-12T22:55:05","slug":"fiberetx-15","status":"publish","type":"product","link":"https:\/\/rygmantenciones.cl\/index.php\/product\/fiberetx-15\/","title":{"rendered":"Fiberetx 15"},"content":{"rendered":"<p><strong>FIBERTEX 15<\/strong><\/p>\n<ul>\n<li><strong>Tripulaci\u00f3n<\/strong>: 1-3 personas.<\/li>\n<li><strong>Peso<\/strong>: 100 Kg.<\/li>\n<li><strong>Eslora<\/strong>: 4.65 Mts.<\/li>\n<li><strong>Manga<\/strong>: 1.68 Mts.<\/li>\n<li><strong>Velamen<\/strong>: 10.08 m2.<\/li>\n<li><strong>M\u00e1stil<\/strong>:25 Mts.<\/li>\n<li><strong>Herrajes<\/strong>: Nautos \/ Holt, (Brasil \/ Inglaterra).<\/li>\n<li><strong>Velas Foque \/ Mayor<\/strong>: Dacr\u00f3n 3.8 oz, (USA).<\/li>\n<li><strong>M\u00e1stil<\/strong>: Aluminio Aleaci\u00f3n 6061, 1 perfil (Canad\u00e1).<\/li>\n<li><strong>Cabos<\/strong>: Graber Rope en Poli\u00e9ster (China \/ Suiza).<\/li>\n<li><strong>Resinas \/ Fibras: <\/strong>BASF (Alemania).<\/li>\n<\/ul>\n","protected":false},"excerpt":{"rendered":"<ul>\n<li><strong>Tripulaci\u00f3n<\/strong>: 1-3 personas.<\/li>\n<li><strong>Peso<\/strong>: 100 Kg.<\/li>\n<li><strong>Eslora<\/strong>: 4.65 Mts.<\/li>\n<li><strong>Manga<\/strong>: 1.68 Mts.<\/li>\n<li><strong>Velamen<\/strong>: 10.08 m2.<\/li>\n<li><strong>M\u00e1stil<\/strong>:25 Mts.<\/li>\n<li><strong>Herrajes<\/strong>: Nautos \/ Holt, (Brasil \/ Inglaterra).<\/li>\n<li><strong>Velas Foque \/ Mayor<\/strong>: Dacr\u00f3n 3.8 oz, (USA).<\/li>\n<li><strong>M\u00e1stil<\/strong>: Aluminio Aleaci\u00f3n 6061, 1 perfil (Canad\u00e1).<\/li>\n<li><strong>Cabos<\/strong>: Graber Rope en Poli\u00e9ster (China \/ Suiza).<\/li>\n<li><strong>Resinas \/ Fibras: <\/strong>BASF (Alemania).<\/li>\n<\/ul>\n<p>Lanzado en el 2021, el Fibertex 15 es la \u00faltima embarcaci\u00f3n Fibertex de la nueva y emocionante gama de veleros de fibra de vidrio. Al igual que su hermano menor, el Laser STD, el Fibertex 15 es un velero muy f\u00e1cil de maniobrar y con una excelente respuesta, siendo particularmente adecuado para aquellos que comienzan en la navegaci\u00f3n. Este velero se monta y navega f\u00e1cilmente con un plan de dos velas, siendo apto para dos o tres personas a bordo, lo que lo hace ideal para una navegaci\u00f3n en compa\u00f1\u00eda de la familia.<\/p>\n<p>Las l\u00edneas elegantes del casco y la configuraci\u00f3n de maniobras de las escotas y drizas, dan como resultado una navegaci\u00f3n simple y a la vez emoci\u00f3nate para los navegantes; adem\u00e1s, su casco amplio proporciona una plataforma de mayor estabilidad.<\/p>\n<p>Al igual que el velero Laser STD, esta embarcaci\u00f3n tiene maniobras sencillas y lo hacen un velero perfecto para una f\u00e1cil navegaci\u00f3n y armado; se transporta a trav\u00e9s de un carro de arrastre sin ninguna complicaci\u00f3n. Tiene un m\u00e1stil en aluminio reforzado en una sola pieza.\u00a0 Posee dos velas, foque y mayor, ambas en dacr\u00f3n 3.8 norteamericano, siendo sus herrajes marca Nautos (Brasil) y Holt (UK), mientras que los cabos marca Graber Rope.<\/p>\n<p>Este velero resulta una opci\u00f3n maravillosa para brindar horas de diversi\u00f3n a quienes se aventuren a navegar en \u00e9l.<\/p>\n<p><strong>Opcionales<\/strong>:<\/p>\n<p>Carro Dolly &#8211; Fundas cubre casco- Enrollador de foque \u2013 Tr\u00e1iler galvanizado importado.<\/p>\n","protected":false},"featured_media":715,"comment_status":"open","ping_status":"closed","template":"","meta":{"site-sidebar-layout":"default","site-content-layout":"default","ast-global-header-display":"","ast-main-header-display":"","ast-hfb-above-header-display":"","ast-hfb-below-header-display":"","ast-hfb-mobile-header-display":"","site-post-title":"","ast-breadcrumbs-content":"","ast-featured-img":"","footer-sml-layout":"","theme-transparent-header-meta":"default","adv-header-id-meta":"","stick-header-meta":"","header-above-stick-meta":"","header-main-stick-meta":"","header-below-stick-meta":""},"product_cat":[19],"product_tag":[],"class_list":["post-713","product","type-product","status-publish","has-post-thumbnail","hentry","product_cat-fiberetx-15","desktop-align-left","tablet-align-left","mobile-align-left"],"_links":{"self":[{"href":"https:\/\/rygmantenciones.cl\/index.php\/wp-json\/wp\/v2\/product\/713","targetHints":{"allow":["GET"]}}],"collection":[{"href":"https:\/\/rygmantenciones.cl\/index.php\/wp-json\/wp\/v2\/product"}],"about":[{"href":"https:\/\/rygmantenciones.cl\/index.php\/wp-json\/wp\/v2\/types\/product"}],"replies":[{"embeddable":true,"href":"https:\/\/rygmantenciones.cl\/index.php\/wp-json\/wp\/v2\/comments?post=713"}],"wp:featuredmedia":[{"embeddable":true,"href":"https:\/\/rygmantenciones.cl\/index.php\/wp-json\/wp\/v2\/media\/715"}],"wp:attachment":[{"href":"https:\/\/rygmantenciones.cl\/index.php\/wp-json\/wp\/v2\/media?parent=713"}],"wp:term":[{"taxonomy":"product_cat","embeddable":true,"href":"https:\/\/rygmantenciones.cl\/index.php\/wp-json\/wp\/v2\/product_cat?post=713"},{"taxonomy":"product_tag","embeddable":true,"href":"https:\/\/rygmantenciones.cl\/index.php\/wp-json\/wp\/v2\/product_tag?post=713"}],"curies":[{"name":"wp","href":"https:\/\/api.w.org\/{rel}","templated":true}]}}