{"id":724,"date":"2022-10-09T21:36:34","date_gmt":"2022-10-09T21:36:34","guid":{"rendered":"https:\/\/rygmantenciones.cl\/?post_type=product&#038;p=724"},"modified":"2022-10-12T22:53:30","modified_gmt":"2022-10-12T22:53:30","slug":"laser-std","status":"publish","type":"product","link":"https:\/\/rygmantenciones.cl\/index.php\/product\/laser-std\/","title":{"rendered":"Laser STD"},"content":{"rendered":"<p><strong>LASER STD<\/strong><\/p>\n<ul>\n<li><strong>Tripulaci\u00f3n<\/strong>: 1-2 personas.<\/li>\n<li><strong>Peso<\/strong>: 60 Kg.<\/li>\n<li><strong>Eslora<\/strong>: 4.23 Mts.<\/li>\n<li><strong>Manga<\/strong>: 1.42 Mts.<\/li>\n<li><strong>Velamen<\/strong>: 7.06 m2.<\/li>\n<li><strong>M\u00e1stil<\/strong>: 6 Mts.<\/li>\n<li><strong>Herrajes<\/strong>: Nautos \/ Holt, (Brasil \/ Inglaterra).<\/li>\n<li><strong>Velas<\/strong>: Dacr\u00f3n 3.8, (USA).<\/li>\n<li><strong>M\u00e1stil<\/strong>: Aluminio Aleaci\u00f3n 6061, 2 perfiles (Canad\u00e1).<\/li>\n<li><strong>Cabos<\/strong>: Graber Rope en Poli\u00e9ster (China \/ Suiza).<\/li>\n<li><strong>Resinas \/ Fibras: <\/strong>BASF (Alemania).<\/li>\n<\/ul>\n<p>Este cl\u00e1sico de la navegaci\u00f3n es particularmente adecuado tanto para aquellas personas que est\u00e1n en las primeras etapas de aprendizaje, como tambi\u00e9n para los que ya son navegantes experimentados. El Laser STD es muy f\u00e1cil de navegar, permiti\u00e9ndole su casco balanceado ser una embarcaci\u00f3n bastante id\u00f3nea para navegantes menos experimentados.<\/p>\n<p>El m\u00edtico y cl\u00e1sico Laser STD, es el velero monocasco m\u00e1s sencillo de Fibertex, sus simples maniobras lo hacen un velero perfecto para una f\u00e1cil navegaci\u00f3n y armado. Se puede transportar en la parrilla de un autom\u00f3vil sin ninguna complicaci\u00f3n, gracias a su m\u00e1stil de aluminio anodizado de dos partes. Posee una sola vela (vela mayor) en dacr\u00f3n 3.8 oz norteamericano y herrajes marca Nautos (Brasil) y Holt (UK), siendo las drizas y escotas marca Graber Rope.<\/p>\n<p>Este velero tiene capacidad para una persona o dos personas livianas, siendo el velero en el cual se inician la mayor\u00eda de los navegantes (velero escuela). Una opci\u00f3n maravillosa que brindar\u00e1 horas de diversi\u00f3n a sus tripulantes. Velero clase Ol\u00edmpico, con m\u00e1s de 50 a\u00f1os de antig\u00fcedad. (1969)<\/p>\n<p><strong>Opcionales<\/strong>:<\/p>\n<p>Carro Dolly &#8211; Fundas cubre casco- Vela radial.<\/p>\n","protected":false},"excerpt":{"rendered":"<ul>\n<li><strong>Tripulaci\u00f3n<\/strong>: 1-2 personas.<\/li>\n<li><strong>Peso<\/strong>: 60 Kg.<\/li>\n<li><strong>Eslora<\/strong>: 4.23 Mts.<\/li>\n<li><strong>Manga<\/strong>: 1.42 Mts.<\/li>\n<li><strong>Velamen<\/strong>: 7.06 m2.<\/li>\n<li><strong>M\u00e1stil<\/strong>: 6 Mts.<\/li>\n<li><strong>Herrajes<\/strong>: Nautos \/ Holt, (Brasil \/ Inglaterra).<\/li>\n<li><strong>Velas<\/strong>: Dacr\u00f3n 3.8, (USA).<\/li>\n<li><strong>M\u00e1stil<\/strong>: Aluminio Aleaci\u00f3n 6061, 2 perfiles (Canad\u00e1).<\/li>\n<li><strong>Cabos<\/strong>: Graber Rope en Poli\u00e9ster (China \/ Suiza).<\/li>\n<li><strong>Resinas \/ Fibras: <\/strong>BASF (Alemania).<\/li>\n<\/ul>\n","protected":false},"featured_media":732,"comment_status":"open","ping_status":"closed","template":"","meta":{"site-sidebar-layout":"default","site-content-layout":"default","ast-global-header-display":"","ast-main-header-display":"","ast-hfb-above-header-display":"","ast-hfb-below-header-display":"","ast-hfb-mobile-header-display":"","site-post-title":"","ast-breadcrumbs-content":"","ast-featured-img":"","footer-sml-layout":"","theme-transparent-header-meta":"default","adv-header-id-meta":"","stick-header-meta":"","header-above-stick-meta":"","header-main-stick-meta":"","header-below-stick-meta":""},"product_cat":[20],"product_tag":[],"class_list":["post-724","product","type-product","status-publish","has-post-thumbnail","hentry","product_cat-laser-std","desktop-align-left","tablet-align-left","mobile-align-left"],"_links":{"self":[{"href":"https:\/\/rygmantenciones.cl\/index.php\/wp-json\/wp\/v2\/product\/724","targetHints":{"allow":["GET"]}}],"collection":[{"href":"https:\/\/rygmantenciones.cl\/index.php\/wp-json\/wp\/v2\/product"}],"about":[{"href":"https:\/\/rygmantenciones.cl\/index.php\/wp-json\/wp\/v2\/types\/product"}],"replies":[{"embeddable":true,"href":"https:\/\/rygmantenciones.cl\/index.php\/wp-json\/wp\/v2\/comments?post=724"}],"wp:featuredmedia":[{"embeddable":true,"href":"https:\/\/rygmantenciones.cl\/index.php\/wp-json\/wp\/v2\/media\/732"}],"wp:attachment":[{"href":"https:\/\/rygmantenciones.cl\/index.php\/wp-json\/wp\/v2\/media?parent=724"}],"wp:term":[{"taxonomy":"product_cat","embeddable":true,"href":"https:\/\/rygmantenciones.cl\/index.php\/wp-json\/wp\/v2\/product_cat?post=724"},{"taxonomy":"product_tag","embeddable":true,"href":"https:\/\/rygmantenciones.cl\/index.php\/wp-json\/wp\/v2\/product_tag?post=724"}],"curies":[{"name":"wp","href":"https:\/\/api.w.org\/{rel}","templated":true}]}}