{"id":735,"date":"2022-10-09T21:38:42","date_gmt":"2022-10-09T21:38:42","guid":{"rendered":"https:\/\/rygmantenciones.cl\/?post_type=product&#038;p=735"},"modified":"2022-10-12T23:21:31","modified_gmt":"2022-10-12T23:21:31","slug":"magnum-5-0","status":"publish","type":"product","link":"https:\/\/rygmantenciones.cl\/index.php\/product\/magnum-5-0\/","title":{"rendered":"Magnum 5.0"},"content":{"rendered":"<p><strong>MAGNUM 5.0<\/strong><\/p>\n<ul>\n<li><strong>Tripulaci\u00f3n: <\/strong>1-4 personas.<\/li>\n<li><strong>Peso: <\/strong>150 Kg.<\/li>\n<li><strong>Eslora: <\/strong>42 Mts.<\/li>\n<li><strong>Manga:<\/strong>98 Mts.<\/li>\n<li><strong>Velamen: <\/strong>96 m2.<\/li>\n<li><strong>M\u00e1stil:<\/strong>25 mts<\/li>\n<li><strong>Herrajes<\/strong>: Nautos \/ Holt, (Brasil \/ Inglaterra).<\/li>\n<li><strong>Velas Foque \/ Mayor<\/strong>: Dacr\u00f3n 3.8 oz, (USA).<\/li>\n<li><strong>M\u00e1stil<\/strong>: Aluminio Aleaci\u00f3n 6061, 1 perfil (Canad\u00e1).<\/li>\n<li><strong>Cabos<\/strong>: Graber Rope en Poli\u00e9ster (China \/ Suiza).<\/li>\n<li><strong>Resinas \/ Fibras: <\/strong>BASF (Alemania).<\/li>\n<\/ul>\n<p>El Magnum 5.0, hijo menor del Magnum 5.7, es un velero ligero y adecuado para toda la familia. Esta encantadora embarcaci\u00f3n, puede navegarse f\u00e1cilmente con una sola persona, pudiendo tambi\u00e9n manejarse con una tripulaci\u00f3n de dos a cuatro personas con seguridad, gracias a su estabilidad. Sus excelentes caracter\u00edsticas de navegaci\u00f3n aseguran que los principiantes y experimentados puedan ganar confianza r\u00e1pidamente.<\/p>\n<p>Al igual que su padre, el Magnum 5.0 posee una cubierta espaciosa y excepcionales ventajas de navegaci\u00f3n, lo que lo hace muy f\u00e1cil de maniobrar y navegar con poca pr\u00e1ctica.<\/p>\n<p>Gracias a su amplia cubierta, los tripulantes podr\u00e1n desplazase libremente dentro de la embarcaci\u00f3n. Adem\u00e1s, el tener una orza y un tim\u00f3n abatibles f\u00e1cil de subir y bajar, le da a este velero una clara ventaja al llegar a la orilla, por sobre otras embarcaciones de similares caracter\u00edsticas, siendo particularmente \u00fatil en las salidas y entradas de aguas poco profundas. Tiene un m\u00e1stil de aluminio reforzado en una sola pieza.\u00a0 Posee una vela foque y una mayor en dacr\u00f3n 3.8 oz norteamericano, siendo los Herrajes marca Nautos (Brasil) y Holt (UK), mientras que los cabos marca Graber Rope.<\/p>\n<p><strong>Opcionales<\/strong>:<\/p>\n<p>Tr\u00e1iler galvanizado importado &#8211; Motor 3.5 HP &#8211; Fundas cubre casco &#8211; Enrollador de foque &#8211; Asientos en PV imputrescibles &#8211; Soporte motor &#8211; Bulbo antivuelco.<\/p>\n","protected":false},"excerpt":{"rendered":"<p><strong>MAGNUM 5.0<\/strong><\/p>\n<ul>\n<li><strong>Tripulaci\u00f3n: <\/strong>1-4 personas.<\/li>\n<li><strong>Peso: <\/strong>150 Kg.<\/li>\n<li><strong>Eslora: <\/strong>42 Mts.<\/li>\n<li><strong>Manga:<\/strong>98 Mts.<\/li>\n<li><strong>Velamen: <\/strong>96 m2.<\/li>\n<li><strong>M\u00e1stil:<\/strong>25 mts<\/li>\n<li><strong>Herrajes<\/strong>: Nautos \/ Holt, (Brasil \/ Inglaterra).<\/li>\n<li><strong>Velas Foque \/ Mayor<\/strong>: Dacr\u00f3n 3.8 oz, (USA).<\/li>\n<li><strong>M\u00e1stil<\/strong>: Aluminio Aleaci\u00f3n 6061, 1 perfil (Canad\u00e1).<\/li>\n<li><strong>Cabos<\/strong>: Graber Rope en Poli\u00e9ster (China \/ Suiza).<\/li>\n<li><strong>Resinas \/ Fibras: <\/strong>BASF (Alemania).<\/li>\n<\/ul>\n","protected":false},"featured_media":736,"comment_status":"open","ping_status":"closed","template":"","meta":{"site-sidebar-layout":"default","site-content-layout":"default","ast-global-header-display":"","ast-main-header-display":"","ast-hfb-above-header-display":"","ast-hfb-below-header-display":"","ast-hfb-mobile-header-display":"","site-post-title":"","ast-breadcrumbs-content":"","ast-featured-img":"","footer-sml-layout":"","theme-transparent-header-meta":"default","adv-header-id-meta":"","stick-header-meta":"","header-above-stick-meta":"","header-main-stick-meta":"","header-below-stick-meta":""},"product_cat":[21],"product_tag":[],"class_list":["post-735","product","type-product","status-publish","has-post-thumbnail","hentry","product_cat-magnum-5-0","desktop-align-left","tablet-align-left","mobile-align-left"],"_links":{"self":[{"href":"https:\/\/rygmantenciones.cl\/index.php\/wp-json\/wp\/v2\/product\/735","targetHints":{"allow":["GET"]}}],"collection":[{"href":"https:\/\/rygmantenciones.cl\/index.php\/wp-json\/wp\/v2\/product"}],"about":[{"href":"https:\/\/rygmantenciones.cl\/index.php\/wp-json\/wp\/v2\/types\/product"}],"replies":[{"embeddable":true,"href":"https:\/\/rygmantenciones.cl\/index.php\/wp-json\/wp\/v2\/comments?post=735"}],"wp:featuredmedia":[{"embeddable":true,"href":"https:\/\/rygmantenciones.cl\/index.php\/wp-json\/wp\/v2\/media\/736"}],"wp:attachment":[{"href":"https:\/\/rygmantenciones.cl\/index.php\/wp-json\/wp\/v2\/media?parent=735"}],"wp:term":[{"taxonomy":"product_cat","embeddable":true,"href":"https:\/\/rygmantenciones.cl\/index.php\/wp-json\/wp\/v2\/product_cat?post=735"},{"taxonomy":"product_tag","embeddable":true,"href":"https:\/\/rygmantenciones.cl\/index.php\/wp-json\/wp\/v2\/product_tag?post=735"}],"curies":[{"name":"wp","href":"https:\/\/api.w.org\/{rel}","templated":true}]}}