{"id":748,"date":"2022-10-09T21:42:27","date_gmt":"2022-10-09T21:42:27","guid":{"rendered":"https:\/\/rygmantenciones.cl\/?post_type=product&#038;p=748"},"modified":"2022-10-12T23:17:41","modified_gmt":"2022-10-12T23:17:41","slug":"magnum-5-7","status":"publish","type":"product","link":"https:\/\/rygmantenciones.cl\/index.php\/product\/magnum-5-7\/","title":{"rendered":"Magnum 5.7"},"content":{"rendered":"<p><strong>MAGNUM 5.7<\/strong><\/p>\n<ul>\n<li><strong>Tripulaci\u00f3n: <\/strong>2-6 personas.<\/li>\n<li><strong>Peso: <\/strong>250 Kg.<\/li>\n<li><strong>Eslora: <\/strong>7 Mts.<\/li>\n<li><strong>Manga: <\/strong>15 Mts.<\/li>\n<li><strong>Velamen: <\/strong>06 m2.<\/li>\n<li><strong>M\u00e1stil:<\/strong>0 Mts<\/li>\n<li><strong>Herrajes<\/strong>: Nautos \/ Holt, (Brasil \/ Inglaterra).<\/li>\n<li><strong>Velas Foque \/ Mayor<\/strong>: Dacr\u00f3n 3.8 oz, (USA).<\/li>\n<li><strong>M\u00e1stil<\/strong>: Aluminio Aleaci\u00f3n 6061, 1 perfil (Canad\u00e1).<\/li>\n<li><strong>Cabos<\/strong>: Graber Rope en Poli\u00e9ster (China \/ Suiza).<\/li>\n<\/ul>\n<p><strong>Resinas \/ Fibras: <\/strong>BASF (Alemania).<\/p>\n<p>&nbsp;<\/p>\n<p>El Magnum 5.7 es un velero adecuado para toda la familia. En poco m\u00e1s de 16 pies, este espacioso velero puede albergar c\u00f3modamente hasta seis adultos. Sus excelentes caracter\u00edsticas de navegaci\u00f3n aseguran que los principiantes ganen confianza r\u00e1pidamente, pudiendo relajarse y divertirse sin problemas. En cuanto a los navegantes m\u00e1s experimentados, el Magnum 5.7 los animar\u00e1 a ser m\u00e1s aventureros, siendo posible de agregar un kit Gennaker, para as\u00ed disfrutar de las maravillas de la navegaci\u00f3n con una tercera vela.<\/p>\n<p>Esta es una embarcaci\u00f3n muy atractiva y f\u00e1cil de maniobrar, otorg\u00e1ndole el dise\u00f1o moderno de su casco, una gran ventaja frente a sus competidores, puesto que la profundidad y amplitud de este, evitar\u00e1 salpicaduras de agua y permitir\u00e1 un c\u00f3modo desplazamiento en cubierta. El Magnum 5.7 es un velero muy seguro y estable, tanto en la navegaci\u00f3n costera como de lagos.<\/p>\n<p>Adem\u00e1s, posee una orza y un tim\u00f3n abatibles, f\u00e1ciles de subir y bajar, lo que le da una clara ventaja para llegar a la orilla sin problemas, a diferencia de otros veleros del mismo tama\u00f1o, siendo particularmente \u00fatil en aguas poco profundas y de dif\u00edcil salida o entrada. Tambi\u00e9n, es posible transportarlo a trav\u00e9s de un carro de arrastre sin ninguna complicaci\u00f3n,<\/p>\n<p>Adicionalmente, tiene un m\u00e1stil en aluminio reforzado de una sola pieza, contando con una vela foque y una vela mayor en dacr\u00f3n 3.8 oz norteamericano, los herrajes son marca Nautos (Brasil) y Holt (UK) y cabos marca Graber Rope.<\/p>\n<p>Hoy la Armada de Chile, cuenta con 5 unidades utilizadas para la instrucci\u00f3n de sus cadetes.<\/p>\n<p><strong>\u00a0<\/strong><\/p>\n<p><strong>Opcionales<\/strong>:<\/p>\n<p>Tr\u00e1iler galvanizado importado &#8211; Motor 3.5 HP &#8211; Fundas cubre casco &#8211; Enrollador de Foque &#8211; Gennaker con maniobra baupress telesc\u00f3pico &#8211; Asientos en PV imputrescibles &#8211; Soporte de motor &#8211; Bulbo antivuelco.<\/p>\n","protected":false},"excerpt":{"rendered":"<p><strong>MAGNUM 5.7<\/strong><\/p>\n<ul>\n<li><strong>Tripulaci\u00f3n: <\/strong>2-6 personas.<\/li>\n<li><strong>Peso: <\/strong>250 Kg.<\/li>\n<li><strong>Eslora: <\/strong>7 Mts.<\/li>\n<li><strong>Manga: <\/strong>15 Mts.<\/li>\n<li><strong>Velamen: <\/strong>06 m2.<\/li>\n<li><strong>M\u00e1stil:<\/strong>0 Mts<\/li>\n<li><strong>Herrajes<\/strong>: Nautos \/ Holt, (Brasil \/ Inglaterra).<\/li>\n<li><strong>Velas Foque \/ Mayor<\/strong>: Dacr\u00f3n 3.8 oz, (USA).<\/li>\n<li><strong>M\u00e1stil<\/strong>: Aluminio Aleaci\u00f3n 6061, 1 perfil (Canad\u00e1).<\/li>\n<li><strong>Cabos<\/strong>: Graber Rope en Poli\u00e9ster (China \/ Suiza).<\/li>\n<\/ul>\n<p><strong>Resinas \/ Fibras: <\/strong>BASF (Alemania).<\/p>\n","protected":false},"featured_media":749,"comment_status":"open","ping_status":"closed","template":"","meta":{"site-sidebar-layout":"default","site-content-layout":"default","ast-global-header-display":"","ast-main-header-display":"","ast-hfb-above-header-display":"","ast-hfb-below-header-display":"","ast-hfb-mobile-header-display":"","site-post-title":"","ast-breadcrumbs-content":"","ast-featured-img":"","footer-sml-layout":"","theme-transparent-header-meta":"default","adv-header-id-meta":"","stick-header-meta":"","header-above-stick-meta":"","header-main-stick-meta":"","header-below-stick-meta":""},"product_cat":[22],"product_tag":[],"class_list":["post-748","product","type-product","status-publish","has-post-thumbnail","hentry","product_cat-magnum-5-7","desktop-align-left","tablet-align-left","mobile-align-left"],"_links":{"self":[{"href":"https:\/\/rygmantenciones.cl\/index.php\/wp-json\/wp\/v2\/product\/748","targetHints":{"allow":["GET"]}}],"collection":[{"href":"https:\/\/rygmantenciones.cl\/index.php\/wp-json\/wp\/v2\/product"}],"about":[{"href":"https:\/\/rygmantenciones.cl\/index.php\/wp-json\/wp\/v2\/types\/product"}],"replies":[{"embeddable":true,"href":"https:\/\/rygmantenciones.cl\/index.php\/wp-json\/wp\/v2\/comments?post=748"}],"wp:featuredmedia":[{"embeddable":true,"href":"https:\/\/rygmantenciones.cl\/index.php\/wp-json\/wp\/v2\/media\/749"}],"wp:attachment":[{"href":"https:\/\/rygmantenciones.cl\/index.php\/wp-json\/wp\/v2\/media?parent=748"}],"wp:term":[{"taxonomy":"product_cat","embeddable":true,"href":"https:\/\/rygmantenciones.cl\/index.php\/wp-json\/wp\/v2\/product_cat?post=748"},{"taxonomy":"product_tag","embeddable":true,"href":"https:\/\/rygmantenciones.cl\/index.php\/wp-json\/wp\/v2\/product_tag?post=748"}],"curies":[{"name":"wp","href":"https:\/\/api.w.org\/{rel}","templated":true}]}}